{"id":41,"date":"2025-10-27T15:28:26","date_gmt":"2025-10-27T12:28:26","guid":{"rendered":"https:\/\/www.rksfiberglass.com\/en\/?page_id=41"},"modified":"2025-11-07T15:10:40","modified_gmt":"2025-11-07T12:10:40","slug":"pultrusion-gratings","status":"publish","type":"page","link":"https:\/\/www.rksfiberglass.com\/en\/pultrusion-gratings\/","title":{"rendered":"Pultrusion Gratings"},"content":{"rendered":"\n<div style=\"height:20px\" aria-hidden=\"true\" class=\"wp-block-spacer\"><\/div>\n\n\n\n<div class=\"wp-block-columns is-layout-flex wp-container-core-columns-is-layout-28f84493 wp-block-columns-is-layout-flex\">\n<div class=\"wp-block-column is-layout-flow wp-block-column-is-layout-flow\">\n<pre class=\"wp-block-verse has-tiny-plus-font-size\">Pultrusion Gratings consist of combining CTP\/GRP\/FRP I profiles and CTP\/GRP\/FRP bars produced by pultrusion method. They have very high strength due to the high glass fiber they contain. Gratings produced by using different resins according to different environmental conditions are not affected by corrosion and are used for many years without any maintenance.<\/pre>\n\n\n\n<p><\/p>\n\n\n\n<p class=\"has-tiny-plus-font-size\">It is used in many areas such as industrial plants, shipyards and ships, treatment plants, oil platforms, chemical plants.<\/p>\n\n\n\n<p><\/p>\n\n\n\n<p><\/p>\n\n\n\n<div class=\"wp-block-buttons alignwide is-horizontal is-content-justification-left is-layout-flex wp-container-core-buttons-is-layout-a0bd5fa3 wp-block-buttons-is-layout-flex\" style=\"padding-top:var(--wp--preset--spacing--30);padding-bottom:var(--wp--preset--spacing--30)\">\n<div class=\"wp-block-button lemmony-animation\" style=\"--lemmony-animation-name:lemmonyFadeIn\"><a class=\"wp-block-button__link has-background has-tiny-font-size has-text-align-center has-custom-font-size wp-element-button\" href=\"https:\/\/www.rksfiberglass.com\/urunler\/\" style=\"background:linear-gradient(90deg,rgb(18,33,43) 0%,rgb(63,117,142) 100%);padding-top:var(--wp--preset--spacing--10);padding-right:var(--wp--preset--spacing--60);padding-bottom:var(--wp--preset--spacing--10);padding-left:var(--wp--preset--spacing--60)\">Di\u011fer \u00dcr\u00fcnleri \u0130ncele<\/a><\/div>\n<\/div>\n<\/div>\n\n\n\n<div class=\"wp-block-column is-layout-flow wp-block-column-is-layout-flow\">\n<figure class=\"wp-block-image aligncenter size-full is-resized is-style-default wp-duotone-unset-1\"><img decoding=\"async\" src=\"https:\/\/www.rksfiberglass.com\/wp-content\/uploads\/2025\/11\/RKS_Fiberglass_Pultrusion_Gratings_1-edited.jpg\" alt=\"\" class=\"wp-image-230\" style=\"width:608px;height:auto\"\/><\/figure>\n<\/div>\n<\/div>\n\n\n\n<div class=\"wp-block-buttons alignwide is-horizontal is-content-justification-center is-layout-flex wp-container-core-buttons-is-layout-6b6d1bd6 wp-block-buttons-is-layout-flex\" style=\"padding-top:var(--wp--preset--spacing--30);padding-bottom:var(--wp--preset--spacing--30)\">\n<div class=\"wp-block-button lemmony-animation\" style=\"--lemmony-animation-name:lemmonyFadeIn\"><a class=\"wp-block-button__link has-background has-tiny-font-size has-text-align-center has-custom-font-size wp-element-button\" href=\"https:\/\/www.rksfiberglass.com\/en\/products\/\" style=\"background:linear-gradient(90deg,rgb(18,33,43) 0%,rgb(63,117,142) 100%);padding-top:var(--wp--preset--spacing--10);padding-right:var(--wp--preset--spacing--60);padding-bottom:var(--wp--preset--spacing--10);padding-left:var(--wp--preset--spacing--60)\">Explore Other Products<\/a><\/div>\n<\/div>\n\n\n\n<p><\/p>\n","protected":false},"excerpt":{"rendered":"<p>Pultrusion Gratings consist of combining CTP\/GRP\/FRP I profiles and CTP\/GRP\/FRP bars produced by pultrusion method. They have very high strength due to the high glass fiber they contain. Gratings produced by using different resins according to different environmental conditions are not affected by corrosion and are used for many years without any maintenance. It is [&hellip;]<\/p>\n","protected":false},"author":1,"featured_media":0,"parent":0,"menu_order":0,"comment_status":"closed","ping_status":"closed","template":"","meta":{"footnotes":""},"class_list":["post-41","page","type-page","status-publish","hentry"],"_links":{"self":[{"href":"https:\/\/www.rksfiberglass.com\/en\/wp-json\/wp\/v2\/pages\/41","targetHints":{"allow":["GET"]}}],"collection":[{"href":"https:\/\/www.rksfiberglass.com\/en\/wp-json\/wp\/v2\/pages"}],"about":[{"href":"https:\/\/www.rksfiberglass.com\/en\/wp-json\/wp\/v2\/types\/page"}],"author":[{"embeddable":true,"href":"https:\/\/www.rksfiberglass.com\/en\/wp-json\/wp\/v2\/users\/1"}],"replies":[{"embeddable":true,"href":"https:\/\/www.rksfiberglass.com\/en\/wp-json\/wp\/v2\/comments?post=41"}],"version-history":[{"count":4,"href":"https:\/\/www.rksfiberglass.com\/en\/wp-json\/wp\/v2\/pages\/41\/revisions"}],"predecessor-version":[{"id":86,"href":"https:\/\/www.rksfiberglass.com\/en\/wp-json\/wp\/v2\/pages\/41\/revisions\/86"}],"wp:attachment":[{"href":"https:\/\/www.rksfiberglass.com\/en\/wp-json\/wp\/v2\/media?parent=41"}],"curies":[{"name":"wp","href":"https:\/\/api.w.org\/{rel}","templated":true}]}}